{"id":960,"date":"2021-10-17T18:19:17","date_gmt":"2021-10-17T18:19:17","guid":{"rendered":"https:\/\/linijos.lt\/works\/cse\/?page_id=960"},"modified":"2025-08-26T12:36:46","modified_gmt":"2025-08-26T12:36:46","slug":"building-constructions","status":"publish","type":"page","link":"https:\/\/cse.lt\/en\/building-constructions\/","title":{"rendered":"Building Constructions"},"content":{"rendered":"<p>[vc_row][vc_column width=&#8221;2\/3&#8243;][vc_column_text uncode_shortcode_id=&#8221;157623&#8243;]City Service Engineering activities cover technical appraisal of building&#8217;s conditions, reporting, and problem-solving recommendations by professional specialists.<\/p>\n<p>On-site construction maintenance is performed in accordance with the provisions of the Law on Construction and the Technical Building Regulation of the Republic of Lithuania. Our certified engineers appraise and evaluate constructions, record defects, and provide recommendations for repairs, as well as arrange everything that is necessary to submit and get approval for documentation in the respective institutions.[\/vc_column_text][vc_empty_space empty_h=&#8221;1&#8243;][vc_custom_heading text_size=&#8221;h5&#8243; text_weight=&#8221;500&#8243; uncode_shortcode_id=&#8221;146723&#8243;]Our construction maintenance package includes the following services:[\/vc_custom_heading][uncode_list icon=&#8221;fa fa-check&#8221; icon_color=&#8221;color-150471&#8243; uncode_shortcode_id=&#8221;254407&#8243; icon_color_type=&#8221;uncode-palette&#8221;]<\/p>\n<ul>\n<li>Appointment of certified and authorised specialists;<\/li>\n<li>Annual and unscheduled technical appraisals of building constructions, recording defects, and preparation of recommendations for repair;<\/li>\n<li>Technical supervision of construction works;<\/li>\n<li>Structural inspections with drones.<\/li>\n<li>Conducting visual inspections of buildings using drones;<\/li>\n<li>Regular filling of technical documents and coordination with institutions.<\/li>\n<\/ul>\n<p>[\/uncode_list][\/vc_column][vc_column column_width_percent=&#8221;100&#8243; gutter_size=&#8221;3&#8243; override_padding=&#8221;yes&#8221; column_padding=&#8221;0&#8243; overlay_alpha=&#8221;50&#8243; shift_x=&#8221;0&#8243; shift_y=&#8221;0&#8243; shift_y_down=&#8221;0&#8243; z_index=&#8221;0&#8243; medium_width=&#8221;0&#8243; mobile_width=&#8221;0&#8243; width=&#8221;1\/3&#8243; uncode_shortcode_id=&#8221;238857&#8243;][uncode_block id=&#8221;271&#8243; inside_column=&#8221;yes&#8221;][\/vc_column][\/vc_row]<\/p>\n","protected":false},"excerpt":{"rendered":"<p>[vc_row][vc_column width=&#8221;2\/3&#8243;][vc_column_text uncode_shortcode_id=&#8221;157623&#8243;]City Service Engineering activities cover technical appraisal of building&#8217;s conditions, reporting, and problem-solving recommendations by professional specialists. On-site [&hellip;]<\/p>\n","protected":false},"author":1,"featured_media":1890,"parent":0,"menu_order":0,"comment_status":"closed","ping_status":"closed","template":"","meta":{"footnotes":""},"class_list":["post-960","page","type-page","status-publish","has-post-thumbnail","hentry","page_category-building-maintenance"],"yoast_head":"<!-- This site is optimized with the Yoast SEO plugin v22.7 - https:\/\/yoast.com\/wordpress\/plugins\/seo\/ -->\n<title>Building Constructions - CSE<\/title>\n<meta name=\"robots\" content=\"index, follow, max-snippet:-1, max-image-preview:large, max-video-preview:-1\" \/>\n<link rel=\"canonical\" href=\"https:\/\/cse.lt\/en\/building-constructions\/\" \/>\n<meta property=\"og:locale\" content=\"en_US\" \/>\n<meta property=\"og:type\" content=\"article\" \/>\n<meta property=\"og:title\" content=\"Building Constructions - CSE\" \/>\n<meta property=\"og:description\" content=\"[vc_row][vc_column width=&#8221;2\/3&#8243;][vc_column_text uncode_shortcode_id=&#8221;157623&#8243;]City Service Engineering activities cover technical appraisal of building&#8217;s conditions, reporting, and problem-solving recommendations by professional specialists. On-site [&hellip;]\" \/>\n<meta property=\"og:url\" content=\"https:\/\/cse.lt\/en\/building-constructions\/\" \/>\n<meta property=\"og:site_name\" content=\"CSE\" \/>\n<meta property=\"article:modified_time\" content=\"2025-08-26T12:36:46+00:00\" \/>\n<meta property=\"og:image\" content=\"https:\/\/cse.lt\/wp-content\/uploads\/2021\/11\/CSEpastatu_valdymas.jpg\" \/>\n<meta name=\"twitter:card\" content=\"summary_large_image\" \/>\n<meta name=\"twitter:image\" content=\"https:\/\/cse.lt\/wp-content\/uploads\/2021\/11\/CSEpastatu_valdymas.jpg\" \/>\n<meta name=\"twitter:label1\" content=\"Est. reading time\" \/>\n\t<meta name=\"twitter:data1\" content=\"1 minute\" \/>\n<script type=\"application\/ld+json\" class=\"yoast-schema-graph\">{\"@context\":\"https:\/\/schema.org\",\"@graph\":[{\"@type\":\"WebPage\",\"@id\":\"https:\/\/cse.lt\/en\/building-constructions\/\",\"url\":\"https:\/\/cse.lt\/en\/building-constructions\/\",\"name\":\"Building Constructions - CSE\",\"isPartOf\":{\"@id\":\"https:\/\/cse.lt\/#website\"},\"primaryImageOfPage\":{\"@id\":\"https:\/\/cse.lt\/en\/building-constructions\/#primaryimage\"},\"image\":{\"@id\":\"https:\/\/cse.lt\/en\/building-constructions\/#primaryimage\"},\"thumbnailUrl\":\"https:\/\/cse.lt\/wp-content\/uploads\/2021\/11\/CSEpastatu_valdymas.jpg\",\"datePublished\":\"2021-10-17T18:19:17+00:00\",\"dateModified\":\"2025-08-26T12:36:46+00:00\",\"breadcrumb\":{\"@id\":\"https:\/\/cse.lt\/en\/building-constructions\/#breadcrumb\"},\"inLanguage\":\"en-US\",\"potentialAction\":[{\"@type\":\"ReadAction\",\"target\":[\"https:\/\/cse.lt\/en\/building-constructions\/\"]}]},{\"@type\":\"ImageObject\",\"inLanguage\":\"en-US\",\"@id\":\"https:\/\/cse.lt\/en\/building-constructions\/#primaryimage\",\"url\":\"https:\/\/cse.lt\/wp-content\/uploads\/2021\/11\/CSEpastatu_valdymas.jpg\",\"contentUrl\":\"https:\/\/cse.lt\/wp-content\/uploads\/2021\/11\/CSEpastatu_valdymas.jpg\",\"width\":779,\"height\":581},{\"@type\":\"BreadcrumbList\",\"@id\":\"https:\/\/cse.lt\/en\/building-constructions\/#breadcrumb\",\"itemListElement\":[{\"@type\":\"ListItem\",\"position\":1,\"name\":\"Home\",\"item\":\"https:\/\/cse.lt\/\"},{\"@type\":\"ListItem\",\"position\":2,\"name\":\"Building Constructions\"}]},{\"@type\":\"WebSite\",\"@id\":\"https:\/\/cse.lt\/#website\",\"url\":\"https:\/\/cse.lt\/\",\"name\":\"CSE\",\"description\":\"I\u0161man\u016bs pastat\u0173 prie\u017ei\u016bros sprendimai\",\"potentialAction\":[{\"@type\":\"SearchAction\",\"target\":{\"@type\":\"EntryPoint\",\"urlTemplate\":\"https:\/\/cse.lt\/?s={search_term_string}\"},\"query-input\":\"required name=search_term_string\"}],\"inLanguage\":\"en-US\"}]}<\/script>\n<!-- \/ Yoast SEO plugin. -->","yoast_head_json":{"title":"Building Constructions - CSE","robots":{"index":"index","follow":"follow","max-snippet":"max-snippet:-1","max-image-preview":"max-image-preview:large","max-video-preview":"max-video-preview:-1"},"canonical":"https:\/\/cse.lt\/en\/building-constructions\/","og_locale":"en_US","og_type":"article","og_title":"Building Constructions - CSE","og_description":"[vc_row][vc_column width=&#8221;2\/3&#8243;][vc_column_text uncode_shortcode_id=&#8221;157623&#8243;]City Service Engineering activities cover technical appraisal of building&#8217;s conditions, reporting, and problem-solving recommendations by professional specialists. On-site [&hellip;]","og_url":"https:\/\/cse.lt\/en\/building-constructions\/","og_site_name":"CSE","article_modified_time":"2025-08-26T12:36:46+00:00","og_image":[{"url":"https:\/\/cse.lt\/wp-content\/uploads\/2021\/11\/CSEpastatu_valdymas.jpg"}],"twitter_card":"summary_large_image","twitter_image":"https:\/\/cse.lt\/wp-content\/uploads\/2021\/11\/CSEpastatu_valdymas.jpg","twitter_misc":{"Est. reading time":"1 minute"},"schema":{"@context":"https:\/\/schema.org","@graph":[{"@type":"WebPage","@id":"https:\/\/cse.lt\/en\/building-constructions\/","url":"https:\/\/cse.lt\/en\/building-constructions\/","name":"Building Constructions - CSE","isPartOf":{"@id":"https:\/\/cse.lt\/#website"},"primaryImageOfPage":{"@id":"https:\/\/cse.lt\/en\/building-constructions\/#primaryimage"},"image":{"@id":"https:\/\/cse.lt\/en\/building-constructions\/#primaryimage"},"thumbnailUrl":"https:\/\/cse.lt\/wp-content\/uploads\/2021\/11\/CSEpastatu_valdymas.jpg","datePublished":"2021-10-17T18:19:17+00:00","dateModified":"2025-08-26T12:36:46+00:00","breadcrumb":{"@id":"https:\/\/cse.lt\/en\/building-constructions\/#breadcrumb"},"inLanguage":"en-US","potentialAction":[{"@type":"ReadAction","target":["https:\/\/cse.lt\/en\/building-constructions\/"]}]},{"@type":"ImageObject","inLanguage":"en-US","@id":"https:\/\/cse.lt\/en\/building-constructions\/#primaryimage","url":"https:\/\/cse.lt\/wp-content\/uploads\/2021\/11\/CSEpastatu_valdymas.jpg","contentUrl":"https:\/\/cse.lt\/wp-content\/uploads\/2021\/11\/CSEpastatu_valdymas.jpg","width":779,"height":581},{"@type":"BreadcrumbList","@id":"https:\/\/cse.lt\/en\/building-constructions\/#breadcrumb","itemListElement":[{"@type":"ListItem","position":1,"name":"Home","item":"https:\/\/cse.lt\/"},{"@type":"ListItem","position":2,"name":"Building Constructions"}]},{"@type":"WebSite","@id":"https:\/\/cse.lt\/#website","url":"https:\/\/cse.lt\/","name":"CSE","description":"I\u0161man\u016bs pastat\u0173 prie\u017ei\u016bros sprendimai","potentialAction":[{"@type":"SearchAction","target":{"@type":"EntryPoint","urlTemplate":"https:\/\/cse.lt\/?s={search_term_string}"},"query-input":"required name=search_term_string"}],"inLanguage":"en-US"}]}},"_links":{"self":[{"href":"https:\/\/cse.lt\/en\/wp-json\/wp\/v2\/pages\/960","targetHints":{"allow":["GET"]}}],"collection":[{"href":"https:\/\/cse.lt\/en\/wp-json\/wp\/v2\/pages"}],"about":[{"href":"https:\/\/cse.lt\/en\/wp-json\/wp\/v2\/types\/page"}],"author":[{"embeddable":true,"href":"https:\/\/cse.lt\/en\/wp-json\/wp\/v2\/users\/1"}],"replies":[{"embeddable":true,"href":"https:\/\/cse.lt\/en\/wp-json\/wp\/v2\/comments?post=960"}],"version-history":[{"count":4,"href":"https:\/\/cse.lt\/en\/wp-json\/wp\/v2\/pages\/960\/revisions"}],"predecessor-version":[{"id":2543,"href":"https:\/\/cse.lt\/en\/wp-json\/wp\/v2\/pages\/960\/revisions\/2543"}],"wp:featuredmedia":[{"embeddable":true,"href":"https:\/\/cse.lt\/en\/wp-json\/wp\/v2\/media\/1890"}],"wp:attachment":[{"href":"https:\/\/cse.lt\/en\/wp-json\/wp\/v2\/media?parent=960"}],"curies":[{"name":"wp","href":"https:\/\/api.w.org\/{rel}","templated":true}]}}