{"id":946,"date":"2021-10-17T16:55:33","date_gmt":"2021-10-17T16:55:33","guid":{"rendered":"https:\/\/linijos.lt\/works\/cse\/?page_id=946"},"modified":"2021-10-17T16:55:33","modified_gmt":"2021-10-17T16:55:33","slug":"energy-audit","status":"publish","type":"page","link":"https:\/\/cse.lt\/en\/energy-audit\/","title":{"rendered":"Energy Audit"},"content":{"rendered":"<p>[vc_row][vc_column column_width_percent=&#8221;100&#8243; gutter_size=&#8221;2&#8243; overlay_alpha=&#8221;50&#8243; shift_x=&#8221;0&#8243; shift_y=&#8221;0&#8243; shift_y_down=&#8221;0&#8243; z_index=&#8221;0&#8243; medium_width=&#8221;0&#8243; mobile_width=&#8221;0&#8243; width=&#8221;2\/3&#8243; uncode_shortcode_id=&#8221;102493&#8243;][vc_custom_heading text_size=&#8221;h4&#8243; uncode_shortcode_id=&#8221;140547&#8243;]Preliminary Audit[\/vc_custom_heading][vc_column_text uncode_shortcode_id=&#8221;119298&#8243;]City Service Engineering offers its customers services covering energy audits that aim to analyse energy consumption, technical processes, and utility that help reduce expenses and improve the energy efficiency of the entire building infrastructure.[\/vc_column_text][uncode_list icon=&#8221;fa fa-minus&#8221; icon_color=&#8221;color-150471&#8243; uncode_shortcode_id=&#8221;156901&#8243; icon_color_type=&#8221;uncode-palette&#8221;]<\/p>\n<ul>\n<li>This type of audit includes compiling a list of energy-saving measures\/opportunities and a report.<\/li>\n<li>It also covers a preliminary estimate of the return on investments and energy-saving measures. Volume &#8211; 2,5 pages.<\/li>\n<\/ul>\n<p>[\/uncode_list][vc_separator sep_color=&#8221;color-gyho&#8221; uncode_shortcode_id=&#8221;356756&#8243; sep_color_type=&#8221;uncode-palette&#8221;][vc_custom_heading text_size=&#8221;h4&#8243; uncode_shortcode_id=&#8221;104563&#8243;]Specific Audit[\/vc_custom_heading][vc_custom_heading text_color=&#8221;accent&#8221; text_size=&#8221;h6&#8243; uncode_shortcode_id=&#8221;928854&#8243; text_color_type=&#8221;uncode-palette&#8221;]The Specific Audit targets a specific system and covers preparation of an extensive audit and analysis of the selected utility system.[\/vc_custom_heading][uncode_list icon=&#8221;fa fa-minus&#8221; icon_color=&#8221;color-150471&#8243; uncode_shortcode_id=&#8221;183530&#8243; icon_color_type=&#8221;uncode-palette&#8221;]<\/p>\n<ul>\n<li>Evaluation of the current system&#8217;s equipment;<\/li>\n<li>Checking technological parameters;<\/li>\n<li>Measurement of the actual parameters and evaluation of their values to determine their compliance with the projected values;<\/li>\n<li>Faktini\u0173 parametr\u0173 matavimas ir atitikimo vertinimas projektiniams kiekiams.<\/li>\n<li>Actual appraisal of system needs;<\/li>\n<li>Preparation and submission of the audit report;<\/li>\n<li>Preliminary solutions;<\/li>\n<\/ul>\n<p>[\/uncode_list][vc_separator sep_color=&#8221;color-gyho&#8221; uncode_shortcode_id=&#8221;356756&#8243; sep_color_type=&#8221;uncode-palette&#8221;][vc_custom_heading text_size=&#8221;h4&#8243; uncode_shortcode_id=&#8221;256333&#8243;]Analytic Audit[\/vc_custom_heading][vc_custom_heading text_color=&#8221;accent&#8221; text_size=&#8221;h6&#8243; uncode_shortcode_id=&#8221;135381&#8243; text_color_type=&#8221;uncode-palette&#8221;]A comprehensive and in-depth audit in compliance with the requirements of the European Union directives.[\/vc_custom_heading][uncode_list icon=&#8221;fa fa-minus&#8221; icon_color=&#8221;color-150471&#8243; uncode_shortcode_id=&#8221;160616&#8243; icon_color_type=&#8221;uncode-palette&#8221;]<\/p>\n<ul>\n<li>Energy Consumption Analysis;<\/li>\n<li>Evaluation of energy-saving measures\/opportunities;<\/li>\n<li>Estimate of investments, return on investment and proposal of commercial offers;<\/li>\n<li>Conducting energy audits following the methodology approved by the Energy Agency (ENA);<\/li>\n<li>Submission of reports and advising on the implementation of the suggested measures;<\/li>\n<li>Technologies, auditing buildings and transport.<\/li>\n<\/ul>\n<p>[\/uncode_list][\/vc_column][vc_column column_width_percent=&#8221;100&#8243; gutter_size=&#8221;3&#8243; override_padding=&#8221;yes&#8221; column_padding=&#8221;0&#8243; overlay_alpha=&#8221;50&#8243; shift_x=&#8221;0&#8243; shift_y=&#8221;0&#8243; shift_y_down=&#8221;0&#8243; z_index=&#8221;0&#8243; medium_width=&#8221;0&#8243; mobile_width=&#8221;0&#8243; width=&#8221;1\/3&#8243; uncode_shortcode_id=&#8221;697316&#8243;][uncode_block id=&#8221;667&#8243; inside_column=&#8221;yes&#8221;][\/vc_column][\/vc_row]<\/p>\n","protected":false},"excerpt":{"rendered":"<p>[vc_row][vc_column column_width_percent=&#8221;100&#8243; gutter_size=&#8221;2&#8243; overlay_alpha=&#8221;50&#8243; shift_x=&#8221;0&#8243; shift_y=&#8221;0&#8243; shift_y_down=&#8221;0&#8243; z_index=&#8221;0&#8243; medium_width=&#8221;0&#8243; mobile_width=&#8221;0&#8243; width=&#8221;2\/3&#8243; uncode_shortcode_id=&#8221;102493&#8243;][vc_custom_heading text_size=&#8221;h4&#8243; uncode_shortcode_id=&#8221;140547&#8243;]Preliminary Audit[\/vc_custom_heading][vc_column_text uncode_shortcode_id=&#8221;119298&#8243;]City Service Engineering offers its [&hellip;]<\/p>\n","protected":false},"author":1,"featured_media":1890,"parent":0,"menu_order":0,"comment_status":"closed","ping_status":"closed","template":"","meta":{"footnotes":""},"class_list":["post-946","page","type-page","status-publish","has-post-thumbnail","hentry","page_category-energy-saving"],"yoast_head":"<!-- This site is optimized with the Yoast SEO plugin v22.7 - https:\/\/yoast.com\/wordpress\/plugins\/seo\/ -->\n<title>Energy Audit - CSE<\/title>\n<meta name=\"robots\" content=\"index, follow, max-snippet:-1, max-image-preview:large, max-video-preview:-1\" \/>\n<link rel=\"canonical\" href=\"https:\/\/cse.lt\/en\/energy-audit\/\" \/>\n<meta property=\"og:locale\" content=\"en_US\" \/>\n<meta property=\"og:type\" content=\"article\" \/>\n<meta property=\"og:title\" content=\"Energy Audit - CSE\" \/>\n<meta property=\"og:description\" content=\"[vc_row][vc_column column_width_percent=&#8221;100&#8243; gutter_size=&#8221;2&#8243; overlay_alpha=&#8221;50&#8243; shift_x=&#8221;0&#8243; shift_y=&#8221;0&#8243; shift_y_down=&#8221;0&#8243; z_index=&#8221;0&#8243; medium_width=&#8221;0&#8243; mobile_width=&#8221;0&#8243; width=&#8221;2\/3&#8243; uncode_shortcode_id=&#8221;102493&#8243;][vc_custom_heading text_size=&#8221;h4&#8243; uncode_shortcode_id=&#8221;140547&#8243;]Preliminary Audit[\/vc_custom_heading][vc_column_text uncode_shortcode_id=&#8221;119298&#8243;]City Service Engineering offers its [&hellip;]\" \/>\n<meta property=\"og:url\" content=\"https:\/\/cse.lt\/en\/energy-audit\/\" \/>\n<meta property=\"og:site_name\" content=\"CSE\" \/>\n<meta name=\"twitter:card\" content=\"summary_large_image\" \/>\n<meta name=\"twitter:label1\" content=\"Est. reading time\" \/>\n\t<meta name=\"twitter:data1\" content=\"2 minutes\" \/>\n<script type=\"application\/ld+json\" class=\"yoast-schema-graph\">{\"@context\":\"https:\/\/schema.org\",\"@graph\":[{\"@type\":\"WebPage\",\"@id\":\"https:\/\/cse.lt\/en\/energy-audit\/\",\"url\":\"https:\/\/cse.lt\/en\/energy-audit\/\",\"name\":\"Energy Audit - CSE\",\"isPartOf\":{\"@id\":\"https:\/\/cse.lt\/#website\"},\"primaryImageOfPage\":{\"@id\":\"https:\/\/cse.lt\/en\/energy-audit\/#primaryimage\"},\"image\":{\"@id\":\"https:\/\/cse.lt\/en\/energy-audit\/#primaryimage\"},\"thumbnailUrl\":\"https:\/\/cse.lt\/wp-content\/uploads\/2021\/11\/CSEpastatu_valdymas.jpg\",\"datePublished\":\"2021-10-17T16:55:33+00:00\",\"dateModified\":\"2021-10-17T16:55:33+00:00\",\"breadcrumb\":{\"@id\":\"https:\/\/cse.lt\/en\/energy-audit\/#breadcrumb\"},\"inLanguage\":\"en-US\",\"potentialAction\":[{\"@type\":\"ReadAction\",\"target\":[\"https:\/\/cse.lt\/en\/energy-audit\/\"]}]},{\"@type\":\"ImageObject\",\"inLanguage\":\"en-US\",\"@id\":\"https:\/\/cse.lt\/en\/energy-audit\/#primaryimage\",\"url\":\"https:\/\/cse.lt\/wp-content\/uploads\/2021\/11\/CSEpastatu_valdymas.jpg\",\"contentUrl\":\"https:\/\/cse.lt\/wp-content\/uploads\/2021\/11\/CSEpastatu_valdymas.jpg\",\"width\":779,\"height\":581},{\"@type\":\"BreadcrumbList\",\"@id\":\"https:\/\/cse.lt\/en\/energy-audit\/#breadcrumb\",\"itemListElement\":[{\"@type\":\"ListItem\",\"position\":1,\"name\":\"Home\",\"item\":\"https:\/\/cse.lt\/\"},{\"@type\":\"ListItem\",\"position\":2,\"name\":\"Energy Audit\"}]},{\"@type\":\"WebSite\",\"@id\":\"https:\/\/cse.lt\/#website\",\"url\":\"https:\/\/cse.lt\/\",\"name\":\"CSE\",\"description\":\"I\u0161man\u016bs pastat\u0173 prie\u017ei\u016bros sprendimai\",\"potentialAction\":[{\"@type\":\"SearchAction\",\"target\":{\"@type\":\"EntryPoint\",\"urlTemplate\":\"https:\/\/cse.lt\/?s={search_term_string}\"},\"query-input\":\"required name=search_term_string\"}],\"inLanguage\":\"en-US\"}]}<\/script>\n<!-- \/ Yoast SEO plugin. -->","yoast_head_json":{"title":"Energy Audit - CSE","robots":{"index":"index","follow":"follow","max-snippet":"max-snippet:-1","max-image-preview":"max-image-preview:large","max-video-preview":"max-video-preview:-1"},"canonical":"https:\/\/cse.lt\/en\/energy-audit\/","og_locale":"en_US","og_type":"article","og_title":"Energy Audit - CSE","og_description":"[vc_row][vc_column column_width_percent=&#8221;100&#8243; gutter_size=&#8221;2&#8243; overlay_alpha=&#8221;50&#8243; shift_x=&#8221;0&#8243; shift_y=&#8221;0&#8243; shift_y_down=&#8221;0&#8243; z_index=&#8221;0&#8243; medium_width=&#8221;0&#8243; mobile_width=&#8221;0&#8243; width=&#8221;2\/3&#8243; uncode_shortcode_id=&#8221;102493&#8243;][vc_custom_heading text_size=&#8221;h4&#8243; uncode_shortcode_id=&#8221;140547&#8243;]Preliminary Audit[\/vc_custom_heading][vc_column_text uncode_shortcode_id=&#8221;119298&#8243;]City Service Engineering offers its [&hellip;]","og_url":"https:\/\/cse.lt\/en\/energy-audit\/","og_site_name":"CSE","twitter_card":"summary_large_image","twitter_misc":{"Est. reading time":"2 minutes"},"schema":{"@context":"https:\/\/schema.org","@graph":[{"@type":"WebPage","@id":"https:\/\/cse.lt\/en\/energy-audit\/","url":"https:\/\/cse.lt\/en\/energy-audit\/","name":"Energy Audit - CSE","isPartOf":{"@id":"https:\/\/cse.lt\/#website"},"primaryImageOfPage":{"@id":"https:\/\/cse.lt\/en\/energy-audit\/#primaryimage"},"image":{"@id":"https:\/\/cse.lt\/en\/energy-audit\/#primaryimage"},"thumbnailUrl":"https:\/\/cse.lt\/wp-content\/uploads\/2021\/11\/CSEpastatu_valdymas.jpg","datePublished":"2021-10-17T16:55:33+00:00","dateModified":"2021-10-17T16:55:33+00:00","breadcrumb":{"@id":"https:\/\/cse.lt\/en\/energy-audit\/#breadcrumb"},"inLanguage":"en-US","potentialAction":[{"@type":"ReadAction","target":["https:\/\/cse.lt\/en\/energy-audit\/"]}]},{"@type":"ImageObject","inLanguage":"en-US","@id":"https:\/\/cse.lt\/en\/energy-audit\/#primaryimage","url":"https:\/\/cse.lt\/wp-content\/uploads\/2021\/11\/CSEpastatu_valdymas.jpg","contentUrl":"https:\/\/cse.lt\/wp-content\/uploads\/2021\/11\/CSEpastatu_valdymas.jpg","width":779,"height":581},{"@type":"BreadcrumbList","@id":"https:\/\/cse.lt\/en\/energy-audit\/#breadcrumb","itemListElement":[{"@type":"ListItem","position":1,"name":"Home","item":"https:\/\/cse.lt\/"},{"@type":"ListItem","position":2,"name":"Energy Audit"}]},{"@type":"WebSite","@id":"https:\/\/cse.lt\/#website","url":"https:\/\/cse.lt\/","name":"CSE","description":"I\u0161man\u016bs pastat\u0173 prie\u017ei\u016bros sprendimai","potentialAction":[{"@type":"SearchAction","target":{"@type":"EntryPoint","urlTemplate":"https:\/\/cse.lt\/?s={search_term_string}"},"query-input":"required name=search_term_string"}],"inLanguage":"en-US"}]}},"_links":{"self":[{"href":"https:\/\/cse.lt\/en\/wp-json\/wp\/v2\/pages\/946","targetHints":{"allow":["GET"]}}],"collection":[{"href":"https:\/\/cse.lt\/en\/wp-json\/wp\/v2\/pages"}],"about":[{"href":"https:\/\/cse.lt\/en\/wp-json\/wp\/v2\/types\/page"}],"author":[{"embeddable":true,"href":"https:\/\/cse.lt\/en\/wp-json\/wp\/v2\/users\/1"}],"replies":[{"embeddable":true,"href":"https:\/\/cse.lt\/en\/wp-json\/wp\/v2\/comments?post=946"}],"version-history":[{"count":1,"href":"https:\/\/cse.lt\/en\/wp-json\/wp\/v2\/pages\/946\/revisions"}],"predecessor-version":[{"id":947,"href":"https:\/\/cse.lt\/en\/wp-json\/wp\/v2\/pages\/946\/revisions\/947"}],"wp:featuredmedia":[{"embeddable":true,"href":"https:\/\/cse.lt\/en\/wp-json\/wp\/v2\/media\/1890"}],"wp:attachment":[{"href":"https:\/\/cse.lt\/en\/wp-json\/wp\/v2\/media?parent=946"}],"curies":[{"name":"wp","href":"https:\/\/api.w.org\/{rel}","templated":true}]}}