{"id":944,"date":"2021-10-17T16:49:37","date_gmt":"2021-10-17T16:49:37","guid":{"rendered":"https:\/\/linijos.lt\/works\/cse\/?page_id=944"},"modified":"2021-10-17T16:49:37","modified_gmt":"2021-10-17T16:49:37","slug":"energy-saving-solutions","status":"publish","type":"page","link":"https:\/\/cse.lt\/en\/energy-saving-solutions\/","title":{"rendered":"Energy-Saving Solutions"},"content":{"rendered":"<p>[vc_row][vc_column width=&#8221;2\/3&#8243;][vc_column_text uncode_shortcode_id=&#8221;116646&#8243;]Our company activities cover the implementation of energy-saving solutions and measures intended to improve energy efficiency and meets the needs of every customer. Depending on the type, designation, age and other characteristics of a building, we can select and offer solutions for any type of utility system, from ventilation to lighting. We use our own resources to implement solutions and provide appropriate maintenance within the entire warranty term.[\/vc_column_text][vc_empty_space empty_h=&#8221;1&#8243;][vc_custom_heading text_size=&#8221;h4&#8243; uncode_shortcode_id=&#8221;488608&#8243;]Benefits:[\/vc_custom_heading][uncode_list icon=&#8221;fa fa-check&#8221; icon_color=&#8221;color-150471&#8243; uncode_shortcode_id=&#8221;875409&#8243; icon_color_type=&#8221;uncode-palette&#8221;]<\/p>\n<ul>\n<li>You will receive an investment decision and recommendations for energy efficiency.<\/li>\n<li>You will receive an opportunity to save the use of energy by 50%.<\/li>\n<li>You will improve operating efficiency of your current utility systems.<\/li>\n<li>By reducing the CO\u2082 emission, you will cut down your impact on the environment.<\/li>\n<li>You will take part in the implementation of the EU Energy Efficiency Directive.<\/li>\n<li>You will obtain a competitive advantage.<\/li>\n<li>You will learn about the newest tendencies in the fields of energy efficiency.<\/li>\n<li>You will share your experience and problems with a team of engineers\/auditors.<\/li>\n<\/ul>\n<p>[\/uncode_list][vc_separator sep_color=&#8221;color-gyho&#8221; uncode_shortcode_id=&#8221;356756&#8243; sep_color_type=&#8221;uncode-palette&#8221;][vc_custom_heading text_size=&#8221;h4&#8243; uncode_shortcode_id=&#8221;259103&#8243;]We check the following:[\/vc_custom_heading][vc_row_inner row_inner_height_percent=&#8221;0&#8243; overlay_alpha=&#8221;50&#8243; equal_height=&#8221;yes&#8221; gutter_size=&#8221;3&#8243; shift_y=&#8221;0&#8243; z_index=&#8221;0&#8243; uncode_shortcode_id=&#8221;195338&#8243;][vc_column_inner column_width_percent=&#8221;100&#8243; gutter_size=&#8221;2&#8243; back_color=&#8221;color-lxmt&#8221; overlay_alpha=&#8221;50&#8243; shift_x=&#8221;0&#8243; shift_y=&#8221;0&#8243; shift_y_down=&#8221;0&#8243; z_index=&#8221;0&#8243; medium_width=&#8221;0&#8243; mobile_width=&#8221;0&#8243; width=&#8221;1\/2&#8243; uncode_shortcode_id=&#8221;307894&#8243; back_color_type=&#8221;uncode-palette&#8221;][vc_custom_heading text_color=&#8221;accent&#8221; text_size=&#8221;h6&#8243; uncode_shortcode_id=&#8221;701279&#8243; text_color_type=&#8221;uncode-palette&#8221;]Ventilation systems:[\/vc_custom_heading][uncode_list icon=&#8221;fa fa-arrow-right3&#8243; icon_color=&#8221;accent&#8221; uncode_shortcode_id=&#8221;177387&#8243; icon_color_type=&#8221;uncode-palette&#8221;]<\/p>\n<ul>\n<li>system parameters;<\/li>\n<li>air flow control;<\/li>\n<li>automatic equipment and control;<\/li>\n<li>recirculation\/recovery;<\/li>\n<li>CO2 management;<\/li>\n<\/ul>\n<p>[\/uncode_list][\/vc_column_inner][vc_column_inner column_width_percent=&#8221;100&#8243; gutter_size=&#8221;2&#8243; back_color=&#8221;color-lxmt&#8221; overlay_alpha=&#8221;50&#8243; shift_x=&#8221;0&#8243; shift_y=&#8221;0&#8243; shift_y_down=&#8221;0&#8243; z_index=&#8221;0&#8243; medium_width=&#8221;0&#8243; mobile_width=&#8221;0&#8243; width=&#8221;1\/2&#8243; uncode_shortcode_id=&#8221;158723&#8243; back_color_type=&#8221;uncode-palette&#8221;][vc_custom_heading text_color=&#8221;accent&#8221; text_size=&#8221;h6&#8243; uncode_shortcode_id=&#8221;724159&#8243; text_color_type=&#8221;uncode-palette&#8221;]Cooling systems:[\/vc_custom_heading][uncode_list icon=&#8221;fa fa-arrow-right3&#8243; icon_color=&#8221;accent&#8221; uncode_shortcode_id=&#8221;117071&#8243; icon_color_type=&#8221;uncode-palette&#8221;]<\/p>\n<ul>\n<li>performance and control;<\/li>\n<li>adiabatic cooling system;<\/li>\n<li>free cooling system;<\/li>\n<li>circulation systems;<\/li>\n<li>system adjustment.<\/li>\n<\/ul>\n<p>[\/uncode_list][\/vc_column_inner][\/vc_row_inner][vc_row_inner row_inner_height_percent=&#8221;0&#8243; overlay_alpha=&#8221;50&#8243; equal_height=&#8221;yes&#8221; gutter_size=&#8221;3&#8243; shift_y=&#8221;0&#8243; z_index=&#8221;0&#8243; uncode_shortcode_id=&#8221;458144&#8243;][vc_column_inner column_width_percent=&#8221;100&#8243; gutter_size=&#8221;2&#8243; back_color=&#8221;color-lxmt&#8221; overlay_alpha=&#8221;50&#8243; shift_x=&#8221;0&#8243; shift_y=&#8221;0&#8243; shift_y_down=&#8221;0&#8243; z_index=&#8221;0&#8243; medium_width=&#8221;0&#8243; mobile_width=&#8221;0&#8243; width=&#8221;1\/2&#8243; uncode_shortcode_id=&#8221;307894&#8243; back_color_type=&#8221;uncode-palette&#8221;][vc_custom_heading text_color=&#8221;accent&#8221; text_size=&#8221;h6&#8243; uncode_shortcode_id=&#8221;371475&#8243; text_color_type=&#8221;uncode-palette&#8221;]Microclimate in premises:[\/vc_custom_heading][uncode_list icon=&#8221;fa fa-arrow-right3&#8243; icon_color=&#8221;accent&#8221; uncode_shortcode_id=&#8221;137815&#8243; icon_color_type=&#8221;uncode-palette&#8221;]<\/p>\n<ul>\n<li>automatic equipment and heating equipment control;<\/li>\n<li>heating equipment performance;<\/li>\n<li>flowchart;<\/li>\n<li>air curtains and control;<\/li>\n<li>air quality monitoring.<\/li>\n<\/ul>\n<p>[\/uncode_list][\/vc_column_inner][vc_column_inner column_width_percent=&#8221;100&#8243; gutter_size=&#8221;2&#8243; back_color=&#8221;color-lxmt&#8221; overlay_alpha=&#8221;50&#8243; shift_x=&#8221;0&#8243; shift_y=&#8221;0&#8243; shift_y_down=&#8221;0&#8243; z_index=&#8221;0&#8243; medium_width=&#8221;0&#8243; mobile_width=&#8221;0&#8243; width=&#8221;1\/2&#8243; uncode_shortcode_id=&#8221;158723&#8243; back_color_type=&#8221;uncode-palette&#8221;][vc_custom_heading text_color=&#8221;accent&#8221; text_size=&#8221;h6&#8243; uncode_shortcode_id=&#8221;650800&#8243; text_color_type=&#8221;uncode-palette&#8221;]Energy consumption:[\/vc_custom_heading][uncode_list icon=&#8221;fa fa-arrow-right3&#8243; icon_color=&#8221;accent&#8221; uncode_shortcode_id=&#8221;140186&#8243; icon_color_type=&#8221;uncode-palette&#8221;]<\/p>\n<ul>\n<li>power Factor Correction (PFC);<\/li>\n<li>selection of the optimal payment plan;<\/li>\n<li>analysis of hourly energy usage;<\/li>\n<li>check for optimal usage of the SGD potential.<\/li>\n<\/ul>\n<p>[\/uncode_list][\/vc_column_inner][\/vc_row_inner][vc_row_inner row_inner_height_percent=&#8221;0&#8243; overlay_alpha=&#8221;50&#8243; equal_height=&#8221;yes&#8221; gutter_size=&#8221;3&#8243; shift_y=&#8221;0&#8243; z_index=&#8221;0&#8243; uncode_shortcode_id=&#8221;196792&#8243;][vc_column_inner column_width_percent=&#8221;100&#8243; gutter_size=&#8221;2&#8243; back_color=&#8221;color-lxmt&#8221; overlay_alpha=&#8221;50&#8243; shift_x=&#8221;0&#8243; shift_y=&#8221;0&#8243; shift_y_down=&#8221;0&#8243; z_index=&#8221;0&#8243; medium_width=&#8221;0&#8243; mobile_width=&#8221;0&#8243; width=&#8221;1\/2&#8243; uncode_shortcode_id=&#8221;307894&#8243; back_color_type=&#8221;uncode-palette&#8221;][vc_custom_heading text_color=&#8221;accent&#8221; text_size=&#8221;h6&#8243; uncode_shortcode_id=&#8221;776532&#8243; text_color_type=&#8221;uncode-palette&#8221;]Lighting systems:[\/vc_custom_heading][uncode_list icon=&#8221;fa fa-arrow-right3&#8243; icon_color=&#8221;accent&#8221; uncode_shortcode_id=&#8221;122222&#8243; icon_color_type=&#8221;uncode-palette&#8221;]<\/p>\n<ul>\n<li>equipment operating performance;<\/li>\n<li>facilities control;<\/li>\n<li>compliance with hygiene standards (HS).<\/li>\n<\/ul>\n<p>[\/uncode_list][\/vc_column_inner][vc_column_inner column_width_percent=&#8221;100&#8243; gutter_size=&#8221;2&#8243; back_color=&#8221;color-lxmt&#8221; overlay_alpha=&#8221;50&#8243; shift_x=&#8221;0&#8243; shift_y=&#8221;0&#8243; shift_y_down=&#8221;0&#8243; z_index=&#8221;0&#8243; medium_width=&#8221;0&#8243; mobile_width=&#8221;0&#8243; width=&#8221;1\/2&#8243; uncode_shortcode_id=&#8221;158723&#8243; back_color_type=&#8221;uncode-palette&#8221;][vc_custom_heading text_color=&#8221;accent&#8221; text_size=&#8221;h6&#8243; uncode_shortcode_id=&#8221;177401&#8243; text_color_type=&#8221;uncode-palette&#8221;]Circulator pumps:[\/vc_custom_heading][uncode_list icon=&#8221;fa fa-arrow-right3&#8243; icon_color=&#8221;accent&#8221; uncode_shortcode_id=&#8221;119624&#8243; icon_color_type=&#8221;uncode-palette&#8221;]<\/p>\n<ul>\n<li>operating performance;<\/li>\n<li>operational condition;<\/li>\n<\/ul>\n<p>[\/uncode_list][\/vc_column_inner][\/vc_row_inner][\/vc_column][vc_column column_width_percent=&#8221;100&#8243; gutter_size=&#8221;3&#8243; override_padding=&#8221;yes&#8221; column_padding=&#8221;0&#8243; overlay_alpha=&#8221;50&#8243; shift_x=&#8221;0&#8243; shift_y=&#8221;0&#8243; shift_y_down=&#8221;0&#8243; z_index=&#8221;0&#8243; medium_width=&#8221;0&#8243; mobile_width=&#8221;0&#8243; width=&#8221;1\/3&#8243; uncode_shortcode_id=&#8221;518608&#8243;][uncode_block id=&#8221;667&#8243; inside_column=&#8221;yes&#8221;][\/vc_column][\/vc_row]<\/p>\n","protected":false},"excerpt":{"rendered":"<p>[vc_row][vc_column width=&#8221;2\/3&#8243;][vc_column_text uncode_shortcode_id=&#8221;116646&#8243;]Our company activities cover the implementation of energy-saving solutions and measures intended to improve energy efficiency and meets [&hellip;]<\/p>\n","protected":false},"author":1,"featured_media":1890,"parent":0,"menu_order":0,"comment_status":"closed","ping_status":"closed","template":"","meta":{"footnotes":""},"class_list":["post-944","page","type-page","status-publish","has-post-thumbnail","hentry","page_category-energy-saving"],"yoast_head":"<!-- This site is optimized with the Yoast SEO plugin v22.7 - https:\/\/yoast.com\/wordpress\/plugins\/seo\/ -->\n<title>Energy-Saving Solutions - CSE<\/title>\n<meta name=\"robots\" content=\"index, follow, max-snippet:-1, max-image-preview:large, max-video-preview:-1\" \/>\n<link rel=\"canonical\" href=\"https:\/\/cse.lt\/en\/energy-saving-solutions\/\" \/>\n<meta property=\"og:locale\" content=\"en_US\" \/>\n<meta property=\"og:type\" content=\"article\" \/>\n<meta property=\"og:title\" content=\"Energy-Saving Solutions - CSE\" \/>\n<meta property=\"og:description\" content=\"[vc_row][vc_column width=&#8221;2\/3&#8243;][vc_column_text uncode_shortcode_id=&#8221;116646&#8243;]Our company activities cover the implementation of energy-saving solutions and measures intended to improve energy efficiency and meets [&hellip;]\" \/>\n<meta property=\"og:url\" content=\"https:\/\/cse.lt\/en\/energy-saving-solutions\/\" \/>\n<meta property=\"og:site_name\" content=\"CSE\" \/>\n<meta property=\"og:image\" content=\"https:\/\/cse.lt\/wp-content\/uploads\/2021\/11\/CSEpastatu_valdymas.jpg\" \/>\n\t<meta property=\"og:image:width\" content=\"779\" \/>\n\t<meta property=\"og:image:height\" content=\"581\" \/>\n\t<meta property=\"og:image:type\" content=\"image\/jpeg\" \/>\n<meta name=\"twitter:card\" content=\"summary_large_image\" \/>\n<meta name=\"twitter:label1\" content=\"Est. reading time\" \/>\n\t<meta name=\"twitter:data1\" content=\"3 minutes\" \/>\n<script type=\"application\/ld+json\" class=\"yoast-schema-graph\">{\"@context\":\"https:\/\/schema.org\",\"@graph\":[{\"@type\":\"WebPage\",\"@id\":\"https:\/\/cse.lt\/en\/energy-saving-solutions\/\",\"url\":\"https:\/\/cse.lt\/en\/energy-saving-solutions\/\",\"name\":\"Energy-Saving Solutions - CSE\",\"isPartOf\":{\"@id\":\"https:\/\/cse.lt\/#website\"},\"primaryImageOfPage\":{\"@id\":\"https:\/\/cse.lt\/en\/energy-saving-solutions\/#primaryimage\"},\"image\":{\"@id\":\"https:\/\/cse.lt\/en\/energy-saving-solutions\/#primaryimage\"},\"thumbnailUrl\":\"https:\/\/cse.lt\/wp-content\/uploads\/2021\/11\/CSEpastatu_valdymas.jpg\",\"datePublished\":\"2021-10-17T16:49:37+00:00\",\"dateModified\":\"2021-10-17T16:49:37+00:00\",\"breadcrumb\":{\"@id\":\"https:\/\/cse.lt\/en\/energy-saving-solutions\/#breadcrumb\"},\"inLanguage\":\"en-US\",\"potentialAction\":[{\"@type\":\"ReadAction\",\"target\":[\"https:\/\/cse.lt\/en\/energy-saving-solutions\/\"]}]},{\"@type\":\"ImageObject\",\"inLanguage\":\"en-US\",\"@id\":\"https:\/\/cse.lt\/en\/energy-saving-solutions\/#primaryimage\",\"url\":\"https:\/\/cse.lt\/wp-content\/uploads\/2021\/11\/CSEpastatu_valdymas.jpg\",\"contentUrl\":\"https:\/\/cse.lt\/wp-content\/uploads\/2021\/11\/CSEpastatu_valdymas.jpg\",\"width\":779,\"height\":581},{\"@type\":\"BreadcrumbList\",\"@id\":\"https:\/\/cse.lt\/en\/energy-saving-solutions\/#breadcrumb\",\"itemListElement\":[{\"@type\":\"ListItem\",\"position\":1,\"name\":\"Home\",\"item\":\"https:\/\/cse.lt\/\"},{\"@type\":\"ListItem\",\"position\":2,\"name\":\"Energy-Saving Solutions\"}]},{\"@type\":\"WebSite\",\"@id\":\"https:\/\/cse.lt\/#website\",\"url\":\"https:\/\/cse.lt\/\",\"name\":\"CSE\",\"description\":\"I\u0161man\u016bs pastat\u0173 prie\u017ei\u016bros sprendimai\",\"potentialAction\":[{\"@type\":\"SearchAction\",\"target\":{\"@type\":\"EntryPoint\",\"urlTemplate\":\"https:\/\/cse.lt\/?s={search_term_string}\"},\"query-input\":\"required name=search_term_string\"}],\"inLanguage\":\"en-US\"}]}<\/script>\n<!-- \/ Yoast SEO plugin. -->","yoast_head_json":{"title":"Energy-Saving Solutions - CSE","robots":{"index":"index","follow":"follow","max-snippet":"max-snippet:-1","max-image-preview":"max-image-preview:large","max-video-preview":"max-video-preview:-1"},"canonical":"https:\/\/cse.lt\/en\/energy-saving-solutions\/","og_locale":"en_US","og_type":"article","og_title":"Energy-Saving Solutions - CSE","og_description":"[vc_row][vc_column width=&#8221;2\/3&#8243;][vc_column_text uncode_shortcode_id=&#8221;116646&#8243;]Our company activities cover the implementation of energy-saving solutions and measures intended to improve energy efficiency and meets [&hellip;]","og_url":"https:\/\/cse.lt\/en\/energy-saving-solutions\/","og_site_name":"CSE","og_image":[{"width":779,"height":581,"url":"https:\/\/cse.lt\/wp-content\/uploads\/2021\/11\/CSEpastatu_valdymas.jpg","type":"image\/jpeg"}],"twitter_card":"summary_large_image","twitter_misc":{"Est. reading time":"3 minutes"},"schema":{"@context":"https:\/\/schema.org","@graph":[{"@type":"WebPage","@id":"https:\/\/cse.lt\/en\/energy-saving-solutions\/","url":"https:\/\/cse.lt\/en\/energy-saving-solutions\/","name":"Energy-Saving Solutions - CSE","isPartOf":{"@id":"https:\/\/cse.lt\/#website"},"primaryImageOfPage":{"@id":"https:\/\/cse.lt\/en\/energy-saving-solutions\/#primaryimage"},"image":{"@id":"https:\/\/cse.lt\/en\/energy-saving-solutions\/#primaryimage"},"thumbnailUrl":"https:\/\/cse.lt\/wp-content\/uploads\/2021\/11\/CSEpastatu_valdymas.jpg","datePublished":"2021-10-17T16:49:37+00:00","dateModified":"2021-10-17T16:49:37+00:00","breadcrumb":{"@id":"https:\/\/cse.lt\/en\/energy-saving-solutions\/#breadcrumb"},"inLanguage":"en-US","potentialAction":[{"@type":"ReadAction","target":["https:\/\/cse.lt\/en\/energy-saving-solutions\/"]}]},{"@type":"ImageObject","inLanguage":"en-US","@id":"https:\/\/cse.lt\/en\/energy-saving-solutions\/#primaryimage","url":"https:\/\/cse.lt\/wp-content\/uploads\/2021\/11\/CSEpastatu_valdymas.jpg","contentUrl":"https:\/\/cse.lt\/wp-content\/uploads\/2021\/11\/CSEpastatu_valdymas.jpg","width":779,"height":581},{"@type":"BreadcrumbList","@id":"https:\/\/cse.lt\/en\/energy-saving-solutions\/#breadcrumb","itemListElement":[{"@type":"ListItem","position":1,"name":"Home","item":"https:\/\/cse.lt\/"},{"@type":"ListItem","position":2,"name":"Energy-Saving Solutions"}]},{"@type":"WebSite","@id":"https:\/\/cse.lt\/#website","url":"https:\/\/cse.lt\/","name":"CSE","description":"I\u0161man\u016bs pastat\u0173 prie\u017ei\u016bros sprendimai","potentialAction":[{"@type":"SearchAction","target":{"@type":"EntryPoint","urlTemplate":"https:\/\/cse.lt\/?s={search_term_string}"},"query-input":"required name=search_term_string"}],"inLanguage":"en-US"}]}},"_links":{"self":[{"href":"https:\/\/cse.lt\/en\/wp-json\/wp\/v2\/pages\/944","targetHints":{"allow":["GET"]}}],"collection":[{"href":"https:\/\/cse.lt\/en\/wp-json\/wp\/v2\/pages"}],"about":[{"href":"https:\/\/cse.lt\/en\/wp-json\/wp\/v2\/types\/page"}],"author":[{"embeddable":true,"href":"https:\/\/cse.lt\/en\/wp-json\/wp\/v2\/users\/1"}],"replies":[{"embeddable":true,"href":"https:\/\/cse.lt\/en\/wp-json\/wp\/v2\/comments?post=944"}],"version-history":[{"count":2,"href":"https:\/\/cse.lt\/en\/wp-json\/wp\/v2\/pages\/944\/revisions"}],"predecessor-version":[{"id":2420,"href":"https:\/\/cse.lt\/en\/wp-json\/wp\/v2\/pages\/944\/revisions\/2420"}],"wp:featuredmedia":[{"embeddable":true,"href":"https:\/\/cse.lt\/en\/wp-json\/wp\/v2\/media\/1890"}],"wp:attachment":[{"href":"https:\/\/cse.lt\/en\/wp-json\/wp\/v2\/media?parent=944"}],"curies":[{"name":"wp","href":"https:\/\/api.w.org\/{rel}","templated":true}]}}