{"id":938,"date":"2021-10-17T16:33:03","date_gmt":"2021-10-17T16:33:03","guid":{"rendered":"https:\/\/linijos.lt\/works\/cse\/?page_id=938"},"modified":"2021-10-17T16:33:03","modified_gmt":"2021-10-17T16:33:03","slug":"guaranteed-energy-savings","status":"publish","type":"page","link":"https:\/\/cse.lt\/en\/guaranteed-energy-savings\/","title":{"rendered":"Guaranteed Energy Savings"},"content":{"rendered":"<p>[vc_row][vc_column width=&#8221;2\/3&#8243;][vc_column_text uncode_shortcode_id=&#8221;203136&#8243;]Many specialised companies advise and provide recommendations for energy savings. City Service Engineering is the only company which provides its customers with a guarantee on gaining the actual energy savings and assumes formal obligations to support this. City Service Engineering has been among the first companies in Lithuania to enter into energy service contracts (ESC). An ESC is a performance-based contract developed to achieve energy savings and enhance energy efficiency. If we fail to reach the goals set in the contract, we will reimburse the customer. Two types of energy service contracts are available for customers: a contract with investments or with no investments. In both cases, our technicians conduct an inspection of the object&#8217;s systems and prepare recommendations on the energy-saving measures. We offer no-cost solutions for those customers who cannot afford to invest: system adjustments, periodic equipment monitoring and compliance checks of parameters and compliance with hygiene standards. If a customer is ready to invest in additional energy saving measures, qualified and skilled specialists will conduct equipment installation and technical maintenance.[\/vc_column_text][vc_empty_space empty_h=&#8221;1&#8243;][vc_custom_heading text_size=&#8221;h4&#8243; uncode_shortcode_id=&#8221;192901&#8243;]Benefits:[\/vc_custom_heading][uncode_list icon=&#8221;fa fa-check&#8221; icon_color=&#8221;color-150471&#8243; uncode_shortcode_id=&#8221;108485&#8243; icon_color_type=&#8221;uncode-palette&#8221;]<\/p>\n<ul>\n<li>Guarantees on energy savings<\/li>\n<li>Savings without investment<\/li>\n<li>Competent servicing<\/li>\n<\/ul>\n<p>[\/uncode_list][\/vc_column][vc_column column_width_percent=&#8221;100&#8243; gutter_size=&#8221;3&#8243; override_padding=&#8221;yes&#8221; column_padding=&#8221;0&#8243; overlay_alpha=&#8221;50&#8243; shift_x=&#8221;0&#8243; shift_y=&#8221;0&#8243; shift_y_down=&#8221;0&#8243; z_index=&#8221;0&#8243; medium_width=&#8221;0&#8243; mobile_width=&#8221;0&#8243; width=&#8221;1\/3&#8243; uncode_shortcode_id=&#8221;114073&#8243;][uncode_block id=&#8221;667&#8243; inside_column=&#8221;yes&#8221;][\/vc_column][\/vc_row]<\/p>\n","protected":false},"excerpt":{"rendered":"<p>[vc_row][vc_column width=&#8221;2\/3&#8243;][vc_column_text uncode_shortcode_id=&#8221;203136&#8243;]Many specialised companies advise and provide recommendations for energy savings. City Service Engineering is the only company which [&hellip;]<\/p>\n","protected":false},"author":1,"featured_media":1890,"parent":0,"menu_order":0,"comment_status":"closed","ping_status":"closed","template":"","meta":{"footnotes":""},"class_list":["post-938","page","type-page","status-publish","has-post-thumbnail","hentry","page_category-energy-saving"],"yoast_head":"<!-- This site is optimized with the Yoast SEO plugin v22.7 - https:\/\/yoast.com\/wordpress\/plugins\/seo\/ -->\n<title>Guaranteed Energy Savings - CSE<\/title>\n<meta name=\"robots\" content=\"index, follow, max-snippet:-1, max-image-preview:large, max-video-preview:-1\" \/>\n<link rel=\"canonical\" href=\"https:\/\/cse.lt\/en\/guaranteed-energy-savings\/\" \/>\n<meta property=\"og:locale\" content=\"en_US\" \/>\n<meta property=\"og:type\" content=\"article\" \/>\n<meta property=\"og:title\" content=\"Guaranteed Energy Savings - CSE\" \/>\n<meta property=\"og:description\" content=\"[vc_row][vc_column width=&#8221;2\/3&#8243;][vc_column_text uncode_shortcode_id=&#8221;203136&#8243;]Many specialised companies advise and provide recommendations for energy savings. City Service Engineering is the only company which [&hellip;]\" \/>\n<meta property=\"og:url\" content=\"https:\/\/cse.lt\/en\/guaranteed-energy-savings\/\" \/>\n<meta property=\"og:site_name\" content=\"CSE\" \/>\n<meta name=\"twitter:card\" content=\"summary_large_image\" \/>\n<meta name=\"twitter:label1\" content=\"Est. reading time\" \/>\n\t<meta name=\"twitter:data1\" content=\"1 minute\" \/>\n<script type=\"application\/ld+json\" class=\"yoast-schema-graph\">{\"@context\":\"https:\/\/schema.org\",\"@graph\":[{\"@type\":\"WebPage\",\"@id\":\"https:\/\/cse.lt\/en\/guaranteed-energy-savings\/\",\"url\":\"https:\/\/cse.lt\/en\/guaranteed-energy-savings\/\",\"name\":\"Guaranteed Energy Savings - CSE\",\"isPartOf\":{\"@id\":\"https:\/\/cse.lt\/#website\"},\"primaryImageOfPage\":{\"@id\":\"https:\/\/cse.lt\/en\/guaranteed-energy-savings\/#primaryimage\"},\"image\":{\"@id\":\"https:\/\/cse.lt\/en\/guaranteed-energy-savings\/#primaryimage\"},\"thumbnailUrl\":\"https:\/\/cse.lt\/wp-content\/uploads\/2021\/11\/CSEpastatu_valdymas.jpg\",\"datePublished\":\"2021-10-17T16:33:03+00:00\",\"dateModified\":\"2021-10-17T16:33:03+00:00\",\"breadcrumb\":{\"@id\":\"https:\/\/cse.lt\/en\/guaranteed-energy-savings\/#breadcrumb\"},\"inLanguage\":\"en-US\",\"potentialAction\":[{\"@type\":\"ReadAction\",\"target\":[\"https:\/\/cse.lt\/en\/guaranteed-energy-savings\/\"]}]},{\"@type\":\"ImageObject\",\"inLanguage\":\"en-US\",\"@id\":\"https:\/\/cse.lt\/en\/guaranteed-energy-savings\/#primaryimage\",\"url\":\"https:\/\/cse.lt\/wp-content\/uploads\/2021\/11\/CSEpastatu_valdymas.jpg\",\"contentUrl\":\"https:\/\/cse.lt\/wp-content\/uploads\/2021\/11\/CSEpastatu_valdymas.jpg\",\"width\":779,\"height\":581},{\"@type\":\"BreadcrumbList\",\"@id\":\"https:\/\/cse.lt\/en\/guaranteed-energy-savings\/#breadcrumb\",\"itemListElement\":[{\"@type\":\"ListItem\",\"position\":1,\"name\":\"Home\",\"item\":\"https:\/\/cse.lt\/\"},{\"@type\":\"ListItem\",\"position\":2,\"name\":\"Guaranteed Energy Savings\"}]},{\"@type\":\"WebSite\",\"@id\":\"https:\/\/cse.lt\/#website\",\"url\":\"https:\/\/cse.lt\/\",\"name\":\"CSE\",\"description\":\"I\u0161man\u016bs pastat\u0173 prie\u017ei\u016bros sprendimai\",\"potentialAction\":[{\"@type\":\"SearchAction\",\"target\":{\"@type\":\"EntryPoint\",\"urlTemplate\":\"https:\/\/cse.lt\/?s={search_term_string}\"},\"query-input\":\"required name=search_term_string\"}],\"inLanguage\":\"en-US\"}]}<\/script>\n<!-- \/ Yoast SEO plugin. -->","yoast_head_json":{"title":"Guaranteed Energy Savings - CSE","robots":{"index":"index","follow":"follow","max-snippet":"max-snippet:-1","max-image-preview":"max-image-preview:large","max-video-preview":"max-video-preview:-1"},"canonical":"https:\/\/cse.lt\/en\/guaranteed-energy-savings\/","og_locale":"en_US","og_type":"article","og_title":"Guaranteed Energy Savings - CSE","og_description":"[vc_row][vc_column width=&#8221;2\/3&#8243;][vc_column_text uncode_shortcode_id=&#8221;203136&#8243;]Many specialised companies advise and provide recommendations for energy savings. City Service Engineering is the only company which [&hellip;]","og_url":"https:\/\/cse.lt\/en\/guaranteed-energy-savings\/","og_site_name":"CSE","twitter_card":"summary_large_image","twitter_misc":{"Est. reading time":"1 minute"},"schema":{"@context":"https:\/\/schema.org","@graph":[{"@type":"WebPage","@id":"https:\/\/cse.lt\/en\/guaranteed-energy-savings\/","url":"https:\/\/cse.lt\/en\/guaranteed-energy-savings\/","name":"Guaranteed Energy Savings - CSE","isPartOf":{"@id":"https:\/\/cse.lt\/#website"},"primaryImageOfPage":{"@id":"https:\/\/cse.lt\/en\/guaranteed-energy-savings\/#primaryimage"},"image":{"@id":"https:\/\/cse.lt\/en\/guaranteed-energy-savings\/#primaryimage"},"thumbnailUrl":"https:\/\/cse.lt\/wp-content\/uploads\/2021\/11\/CSEpastatu_valdymas.jpg","datePublished":"2021-10-17T16:33:03+00:00","dateModified":"2021-10-17T16:33:03+00:00","breadcrumb":{"@id":"https:\/\/cse.lt\/en\/guaranteed-energy-savings\/#breadcrumb"},"inLanguage":"en-US","potentialAction":[{"@type":"ReadAction","target":["https:\/\/cse.lt\/en\/guaranteed-energy-savings\/"]}]},{"@type":"ImageObject","inLanguage":"en-US","@id":"https:\/\/cse.lt\/en\/guaranteed-energy-savings\/#primaryimage","url":"https:\/\/cse.lt\/wp-content\/uploads\/2021\/11\/CSEpastatu_valdymas.jpg","contentUrl":"https:\/\/cse.lt\/wp-content\/uploads\/2021\/11\/CSEpastatu_valdymas.jpg","width":779,"height":581},{"@type":"BreadcrumbList","@id":"https:\/\/cse.lt\/en\/guaranteed-energy-savings\/#breadcrumb","itemListElement":[{"@type":"ListItem","position":1,"name":"Home","item":"https:\/\/cse.lt\/"},{"@type":"ListItem","position":2,"name":"Guaranteed Energy Savings"}]},{"@type":"WebSite","@id":"https:\/\/cse.lt\/#website","url":"https:\/\/cse.lt\/","name":"CSE","description":"I\u0161man\u016bs pastat\u0173 prie\u017ei\u016bros sprendimai","potentialAction":[{"@type":"SearchAction","target":{"@type":"EntryPoint","urlTemplate":"https:\/\/cse.lt\/?s={search_term_string}"},"query-input":"required name=search_term_string"}],"inLanguage":"en-US"}]}},"_links":{"self":[{"href":"https:\/\/cse.lt\/en\/wp-json\/wp\/v2\/pages\/938","targetHints":{"allow":["GET"]}}],"collection":[{"href":"https:\/\/cse.lt\/en\/wp-json\/wp\/v2\/pages"}],"about":[{"href":"https:\/\/cse.lt\/en\/wp-json\/wp\/v2\/types\/page"}],"author":[{"embeddable":true,"href":"https:\/\/cse.lt\/en\/wp-json\/wp\/v2\/users\/1"}],"replies":[{"embeddable":true,"href":"https:\/\/cse.lt\/en\/wp-json\/wp\/v2\/comments?post=938"}],"version-history":[{"count":1,"href":"https:\/\/cse.lt\/en\/wp-json\/wp\/v2\/pages\/938\/revisions"}],"predecessor-version":[{"id":939,"href":"https:\/\/cse.lt\/en\/wp-json\/wp\/v2\/pages\/938\/revisions\/939"}],"wp:featuredmedia":[{"embeddable":true,"href":"https:\/\/cse.lt\/en\/wp-json\/wp\/v2\/media\/1890"}],"wp:attachment":[{"href":"https:\/\/cse.lt\/en\/wp-json\/wp\/v2\/media?parent=938"}],"curies":[{"name":"wp","href":"https:\/\/api.w.org\/{rel}","templated":true}]}}