{"id":932,"date":"2021-10-17T16:22:28","date_gmt":"2021-10-17T16:22:28","guid":{"rendered":"https:\/\/linijos.lt\/works\/cse\/?page_id=932"},"modified":"2021-10-17T16:22:28","modified_gmt":"2021-10-17T16:22:28","slug":"putting-the-esco-model-to-practice","status":"publish","type":"page","link":"https:\/\/cse.lt\/en\/putting-the-esco-model-to-practice\/","title":{"rendered":"Putting the ESCO model to practice"},"content":{"rendered":"<p>[vc_row][vc_column width=&#8221;2\/3&#8243;][vc_column_text uncode_shortcode_id=&#8221;206753&#8243;]We practice the ESCO financing model for integration of solutions developed for energy savings. This model involves investing in energy efficient systems by contractors.<\/p>\n<p>City Service Engineering the standards of the Energy Service Company (ESCO). With this compliance standard, we enter into energy service contracts with building managers and invest our own funds in energy efficient measures. The major part of returns on investment made by the company is based on the savings achieved during the contract term.[\/vc_column_text][vc_row_inner row_inner_height_percent=&#8221;0&#8243; overlay_alpha=&#8221;50&#8243; equal_height=&#8221;yes&#8221; gutter_size=&#8221;3&#8243; shift_y=&#8221;0&#8243; z_index=&#8221;0&#8243; uncode_shortcode_id=&#8221;592703&#8243;][vc_column_inner column_width_percent=&#8221;100&#8243; gutter_size=&#8221;3&#8243; style=&#8221;dark&#8221; back_color=&#8221;accent&#8221; overlay_alpha=&#8221;50&#8243; shift_x=&#8221;0&#8243; shift_y=&#8221;0&#8243; shift_y_down=&#8221;0&#8243; z_index=&#8221;0&#8243; medium_width=&#8221;0&#8243; mobile_width=&#8221;0&#8243; width=&#8221;1\/1&#8243; uncode_shortcode_id=&#8221;263648&#8243; back_color_type=&#8221;uncode-palette&#8221;][vc_column_text text_color=&#8221;color-xsdn&#8221; uncode_shortcode_id=&#8221;179121&#8243; text_color_type=&#8221;uncode-palette&#8221;]When a company enters into an agreement with the customer, it provides a guarantee on the achievement of energy savings after the integration of energy-efficient measures in the buildings.[\/vc_column_text][\/vc_column_inner][\/vc_row_inner][vc_empty_space empty_h=&#8221;1&#8243;][vc_custom_heading text_size=&#8221;h4&#8243; uncode_shortcode_id=&#8221;196428&#8243;]The ESCO project can cover the following:[\/vc_custom_heading][uncode_list icon=&#8221;fa fa-check&#8221; icon_color=&#8221;color-150471&#8243; uncode_shortcode_id=&#8221;773750&#8243; icon_color_type=&#8221;uncode-palette&#8221;]<\/p>\n<ul>\n<li>Power supply;<\/li>\n<li>Development of energy-saving measures;<\/li>\n<li>Construction works necessary for the implementation of measures for the enhancement of energy efficiency;<\/li>\n<li>Technical maintenance of a building and (or) energy efficient measures and (or) and utility systems of a building (heating, hot water and electric power);<\/li>\n<li>Administrative and other functions related to customer service;<\/li>\n<li>Project financing;<\/li>\n<li>Energy audit;<\/li>\n<li>Energy consumption monitoring.<\/li>\n<\/ul>\n<p>[\/uncode_list][\/vc_column][vc_column column_width_percent=&#8221;100&#8243; gutter_size=&#8221;3&#8243; override_padding=&#8221;yes&#8221; column_padding=&#8221;0&#8243; overlay_alpha=&#8221;50&#8243; shift_x=&#8221;0&#8243; shift_y=&#8221;0&#8243; shift_y_down=&#8221;0&#8243; z_index=&#8221;0&#8243; medium_width=&#8221;0&#8243; mobile_width=&#8221;0&#8243; width=&#8221;1\/3&#8243; uncode_shortcode_id=&#8221;127449&#8243;][uncode_block id=&#8221;667&#8243; inside_column=&#8221;yes&#8221;][\/vc_column][\/vc_row]<\/p>\n","protected":false},"excerpt":{"rendered":"<p>[vc_row][vc_column width=&#8221;2\/3&#8243;][vc_column_text uncode_shortcode_id=&#8221;206753&#8243;]We practice the ESCO financing model for integration of solutions developed for energy savings. This model involves investing [&hellip;]<\/p>\n","protected":false},"author":1,"featured_media":1890,"parent":0,"menu_order":0,"comment_status":"closed","ping_status":"closed","template":"","meta":{"footnotes":""},"class_list":["post-932","page","type-page","status-publish","has-post-thumbnail","hentry","page_category-energy-saving"],"yoast_head":"<!-- This site is optimized with the Yoast SEO plugin v22.7 - https:\/\/yoast.com\/wordpress\/plugins\/seo\/ -->\n<title>Putting the ESCO model to practice - CSE<\/title>\n<meta name=\"robots\" content=\"index, follow, max-snippet:-1, max-image-preview:large, max-video-preview:-1\" \/>\n<link rel=\"canonical\" href=\"https:\/\/cse.lt\/en\/putting-the-esco-model-to-practice\/\" \/>\n<meta property=\"og:locale\" content=\"en_US\" \/>\n<meta property=\"og:type\" content=\"article\" \/>\n<meta property=\"og:title\" content=\"Putting the ESCO model to practice - CSE\" \/>\n<meta property=\"og:description\" content=\"[vc_row][vc_column width=&#8221;2\/3&#8243;][vc_column_text uncode_shortcode_id=&#8221;206753&#8243;]We practice the ESCO financing model for integration of solutions developed for energy savings. This model involves investing [&hellip;]\" \/>\n<meta property=\"og:url\" content=\"https:\/\/cse.lt\/en\/putting-the-esco-model-to-practice\/\" \/>\n<meta property=\"og:site_name\" content=\"CSE\" \/>\n<meta name=\"twitter:card\" content=\"summary_large_image\" \/>\n<meta name=\"twitter:label1\" content=\"Est. reading time\" \/>\n\t<meta name=\"twitter:data1\" content=\"2 minutes\" \/>\n<script type=\"application\/ld+json\" class=\"yoast-schema-graph\">{\"@context\":\"https:\/\/schema.org\",\"@graph\":[{\"@type\":\"WebPage\",\"@id\":\"https:\/\/cse.lt\/en\/putting-the-esco-model-to-practice\/\",\"url\":\"https:\/\/cse.lt\/en\/putting-the-esco-model-to-practice\/\",\"name\":\"Putting the ESCO model to practice - CSE\",\"isPartOf\":{\"@id\":\"https:\/\/cse.lt\/#website\"},\"primaryImageOfPage\":{\"@id\":\"https:\/\/cse.lt\/en\/putting-the-esco-model-to-practice\/#primaryimage\"},\"image\":{\"@id\":\"https:\/\/cse.lt\/en\/putting-the-esco-model-to-practice\/#primaryimage\"},\"thumbnailUrl\":\"https:\/\/cse.lt\/wp-content\/uploads\/2021\/11\/CSEpastatu_valdymas.jpg\",\"datePublished\":\"2021-10-17T16:22:28+00:00\",\"dateModified\":\"2021-10-17T16:22:28+00:00\",\"breadcrumb\":{\"@id\":\"https:\/\/cse.lt\/en\/putting-the-esco-model-to-practice\/#breadcrumb\"},\"inLanguage\":\"en-US\",\"potentialAction\":[{\"@type\":\"ReadAction\",\"target\":[\"https:\/\/cse.lt\/en\/putting-the-esco-model-to-practice\/\"]}]},{\"@type\":\"ImageObject\",\"inLanguage\":\"en-US\",\"@id\":\"https:\/\/cse.lt\/en\/putting-the-esco-model-to-practice\/#primaryimage\",\"url\":\"https:\/\/cse.lt\/wp-content\/uploads\/2021\/11\/CSEpastatu_valdymas.jpg\",\"contentUrl\":\"https:\/\/cse.lt\/wp-content\/uploads\/2021\/11\/CSEpastatu_valdymas.jpg\",\"width\":779,\"height\":581},{\"@type\":\"BreadcrumbList\",\"@id\":\"https:\/\/cse.lt\/en\/putting-the-esco-model-to-practice\/#breadcrumb\",\"itemListElement\":[{\"@type\":\"ListItem\",\"position\":1,\"name\":\"Home\",\"item\":\"https:\/\/cse.lt\/\"},{\"@type\":\"ListItem\",\"position\":2,\"name\":\"Putting the ESCO model to practice\"}]},{\"@type\":\"WebSite\",\"@id\":\"https:\/\/cse.lt\/#website\",\"url\":\"https:\/\/cse.lt\/\",\"name\":\"CSE\",\"description\":\"I\u0161man\u016bs pastat\u0173 prie\u017ei\u016bros sprendimai\",\"potentialAction\":[{\"@type\":\"SearchAction\",\"target\":{\"@type\":\"EntryPoint\",\"urlTemplate\":\"https:\/\/cse.lt\/?s={search_term_string}\"},\"query-input\":\"required name=search_term_string\"}],\"inLanguage\":\"en-US\"}]}<\/script>\n<!-- \/ Yoast SEO plugin. -->","yoast_head_json":{"title":"Putting the ESCO model to practice - CSE","robots":{"index":"index","follow":"follow","max-snippet":"max-snippet:-1","max-image-preview":"max-image-preview:large","max-video-preview":"max-video-preview:-1"},"canonical":"https:\/\/cse.lt\/en\/putting-the-esco-model-to-practice\/","og_locale":"en_US","og_type":"article","og_title":"Putting the ESCO model to practice - CSE","og_description":"[vc_row][vc_column width=&#8221;2\/3&#8243;][vc_column_text uncode_shortcode_id=&#8221;206753&#8243;]We practice the ESCO financing model for integration of solutions developed for energy savings. This model involves investing [&hellip;]","og_url":"https:\/\/cse.lt\/en\/putting-the-esco-model-to-practice\/","og_site_name":"CSE","twitter_card":"summary_large_image","twitter_misc":{"Est. reading time":"2 minutes"},"schema":{"@context":"https:\/\/schema.org","@graph":[{"@type":"WebPage","@id":"https:\/\/cse.lt\/en\/putting-the-esco-model-to-practice\/","url":"https:\/\/cse.lt\/en\/putting-the-esco-model-to-practice\/","name":"Putting the ESCO model to practice - CSE","isPartOf":{"@id":"https:\/\/cse.lt\/#website"},"primaryImageOfPage":{"@id":"https:\/\/cse.lt\/en\/putting-the-esco-model-to-practice\/#primaryimage"},"image":{"@id":"https:\/\/cse.lt\/en\/putting-the-esco-model-to-practice\/#primaryimage"},"thumbnailUrl":"https:\/\/cse.lt\/wp-content\/uploads\/2021\/11\/CSEpastatu_valdymas.jpg","datePublished":"2021-10-17T16:22:28+00:00","dateModified":"2021-10-17T16:22:28+00:00","breadcrumb":{"@id":"https:\/\/cse.lt\/en\/putting-the-esco-model-to-practice\/#breadcrumb"},"inLanguage":"en-US","potentialAction":[{"@type":"ReadAction","target":["https:\/\/cse.lt\/en\/putting-the-esco-model-to-practice\/"]}]},{"@type":"ImageObject","inLanguage":"en-US","@id":"https:\/\/cse.lt\/en\/putting-the-esco-model-to-practice\/#primaryimage","url":"https:\/\/cse.lt\/wp-content\/uploads\/2021\/11\/CSEpastatu_valdymas.jpg","contentUrl":"https:\/\/cse.lt\/wp-content\/uploads\/2021\/11\/CSEpastatu_valdymas.jpg","width":779,"height":581},{"@type":"BreadcrumbList","@id":"https:\/\/cse.lt\/en\/putting-the-esco-model-to-practice\/#breadcrumb","itemListElement":[{"@type":"ListItem","position":1,"name":"Home","item":"https:\/\/cse.lt\/"},{"@type":"ListItem","position":2,"name":"Putting the ESCO model to practice"}]},{"@type":"WebSite","@id":"https:\/\/cse.lt\/#website","url":"https:\/\/cse.lt\/","name":"CSE","description":"I\u0161man\u016bs pastat\u0173 prie\u017ei\u016bros sprendimai","potentialAction":[{"@type":"SearchAction","target":{"@type":"EntryPoint","urlTemplate":"https:\/\/cse.lt\/?s={search_term_string}"},"query-input":"required name=search_term_string"}],"inLanguage":"en-US"}]}},"_links":{"self":[{"href":"https:\/\/cse.lt\/en\/wp-json\/wp\/v2\/pages\/932","targetHints":{"allow":["GET"]}}],"collection":[{"href":"https:\/\/cse.lt\/en\/wp-json\/wp\/v2\/pages"}],"about":[{"href":"https:\/\/cse.lt\/en\/wp-json\/wp\/v2\/types\/page"}],"author":[{"embeddable":true,"href":"https:\/\/cse.lt\/en\/wp-json\/wp\/v2\/users\/1"}],"replies":[{"embeddable":true,"href":"https:\/\/cse.lt\/en\/wp-json\/wp\/v2\/comments?post=932"}],"version-history":[{"count":1,"href":"https:\/\/cse.lt\/en\/wp-json\/wp\/v2\/pages\/932\/revisions"}],"predecessor-version":[{"id":933,"href":"https:\/\/cse.lt\/en\/wp-json\/wp\/v2\/pages\/932\/revisions\/933"}],"wp:featuredmedia":[{"embeddable":true,"href":"https:\/\/cse.lt\/en\/wp-json\/wp\/v2\/media\/1890"}],"wp:attachment":[{"href":"https:\/\/cse.lt\/en\/wp-json\/wp\/v2\/media?parent=932"}],"curies":[{"name":"wp","href":"https:\/\/api.w.org\/{rel}","templated":true}]}}